{"id":33,"date":"2022-07-13T12:21:27","date_gmt":"2022-07-13T12:21:27","guid":{"rendered":"https:\/\/preprod.basile-tea.fr\/?page_id=33"},"modified":"2022-11-24T08:22:46","modified_gmt":"2022-11-24T08:22:46","slug":"delivery-returns","status":"publish","type":"page","link":"https:\/\/basile-tea.com\/en\/livraison-retours\/","title":{"rendered":"Delivery &amp; Returns"},"content":{"rendered":"<div style=\"height:40px\" aria-hidden=\"true\" class=\"wp-block-spacer\"><\/div>\n\n\n\n<div class=\"wp-block-group is-layout-flow wp-block-group-is-layout-flow\">\n<h1 class=\"has-text-align-left wp-block-heading\">Delivery<\/h1>\n\n\n\n<div style=\"height:30px\" aria-hidden=\"true\" class=\"wp-block-spacer\"><\/div>\n\n\n\n<h2 class=\"has-text-align-left wp-block-heading\">Carrier and tracking?&nbsp;<\/h2>\n\n\n\n<p class=\"has-text-align-left\">Basile et T\u00e9a's online store delivers to mainland France and Monaco - (excluding Corsica)<\/p>\n\n\n\n<p class=\"has-text-align-left\">Option to specify delivery date when ordering&nbsp;<\/p>\n\n\n\n<p class=\"has-text-align-left\">Home delivery by Chronopost or Colissimo with PREDICT service to manage your delivery or reschedule in case of absence.&nbsp;<\/p>\n\n\n\n<div style=\"height:30px\" aria-hidden=\"true\" class=\"wp-block-spacer\"><\/div>\n\n\n\n<h2 class=\"has-text-align-left wp-block-heading\">What should I do if I haven't received my parcel?&nbsp;<\/h2>\n\n\n\n<p class=\"has-text-align-left\">Initially, if you are absent at the time of delivery, La Poste will leave you a calling card with details of how to collect your parcel. The time limit for collection is generally 15 days. After this period, the parcel will be returned to us, and you will once again bear the shipping costs.&nbsp;<\/p>\n\n\n\n<div style=\"height:30px\" aria-hidden=\"true\" class=\"wp-block-spacer\"><\/div>\n\n\n\n<h2 class=\"has-text-align-left wp-block-heading\">What are shipping costs?&nbsp;<\/h2>\n\n\n\n<p class=\"has-text-align-left\">Shipping costs include packaging, labor and postage. We advise you to combine your purchases into a single order, as we cannot combine two separate orders.&nbsp;&nbsp;<\/p>\n\n\n\n<div style=\"height:40px\" aria-hidden=\"true\" class=\"wp-block-spacer\"><\/div>\n\n\n\n<h2 class=\"has-text-align-left wp-block-heading\">Delivery schedule :<\/h2>\n\n\n\n<div style=\"height:20px\" aria-hidden=\"true\" class=\"wp-block-spacer\"><\/div>\n\n\n\n<h3 class=\"has-text-align-center wp-block-heading\">CHRONOPOST <\/h3>\n\n\n\n<figure class=\"wp-block-table aligncenter is-style-stripes\"><table><thead><tr><th>Days<\/th><th class=\"has-text-align-center\" data-align=\"center\">Order before 1 p.m.&nbsp;<br>Delivery possible on :<br><\/th><th class=\"has-text-align-center\" data-align=\"center\">Orders placed after 1 p.m.&nbsp;<br>Delivery possible on<\/th><\/tr><\/thead><tbody><tr><td>Monday<\/td><td class=\"has-text-align-center\" data-align=\"center\">Tuesday<\/td><td class=\"has-text-align-center\" data-align=\"center\">Wednesday<\/td><\/tr><tr><td>Tuesday<\/td><td class=\"has-text-align-center\" data-align=\"center\">Wednesday<\/td><td class=\"has-text-align-center\" data-align=\"center\">Thursday<\/td><\/tr><tr><td>Wednesday<\/td><td class=\"has-text-align-center\" data-align=\"center\">Thursday<\/td><td class=\"has-text-align-center\" data-align=\"center\">Friday<\/td><\/tr><tr><td>Thursday<\/td><td class=\"has-text-align-center\" data-align=\"center\">Friday<\/td><td class=\"has-text-align-center\" data-align=\"center\">Saturday<\/td><\/tr><tr><td>Friday<\/td><td class=\"has-text-align-center\" data-align=\"center\">Saturday<\/td><td class=\"has-text-align-center\" data-align=\"center\">Tuesday<\/td><\/tr><tr><td>Saturday<\/td><td class=\"has-text-align-center\" data-align=\"center\">Tuesday<\/td><td class=\"has-text-align-center\" data-align=\"center\">Tuesday<\/td><\/tr><tr><td>Sunday<\/td><td class=\"has-text-align-center\" data-align=\"center\">Tuesday<\/td><td class=\"has-text-align-center\" data-align=\"center\">Tuesday<\/td><\/tr><\/tbody><\/table><figcaption class=\"wp-element-caption\">Estimated delivery in mainland France, for information only<\/figcaption><\/figure>\n\n\n\n<div style=\"height:40px\" aria-hidden=\"true\" class=\"wp-block-spacer\"><\/div>\n\n\n\n<h3 class=\"has-text-align-center wp-block-heading\">COLISSIMO<\/h3>\n\n\n\n<figure class=\"wp-block-table is-style-stripes\"><table><thead><tr><th class=\"has-text-align-center\" data-align=\"center\">Days<\/th><th class=\"has-text-align-center\" data-align=\"center\">Order before 1 p.m.&nbsp;<br>Delivery possible on :<br><\/th><th class=\"has-text-align-center\" data-align=\"center\">Orders placed after 1 p.m.&nbsp;<br>Delivery possible on<\/th><\/tr><\/thead><tbody><tr><td class=\"has-text-align-center\" data-align=\"center\">Monday<\/td><td class=\"has-text-align-center\" data-align=\"center\">Wednesday<\/td><td class=\"has-text-align-center\" data-align=\"center\">Thursday<\/td><\/tr><tr><td class=\"has-text-align-center\" data-align=\"center\">Tuesday<\/td><td class=\"has-text-align-center\" data-align=\"center\">Thursday<\/td><td class=\"has-text-align-center\" data-align=\"center\">Friday<\/td><\/tr><tr><td class=\"has-text-align-center\" data-align=\"center\">Wednesday<\/td><td class=\"has-text-align-center\" data-align=\"center\">Friday<\/td><td class=\"has-text-align-center\" data-align=\"center\">Saturday<\/td><\/tr><tr><td class=\"has-text-align-center\" data-align=\"center\">Thursday<\/td><td class=\"has-text-align-center\" data-align=\"center\">Saturday<\/td><td class=\"has-text-align-center\" data-align=\"center\">Monday<\/td><\/tr><tr><td class=\"has-text-align-center\" data-align=\"center\">Friday<\/td><td class=\"has-text-align-center\" data-align=\"center\">Monday<\/td><td class=\"has-text-align-center\" data-align=\"center\">Wednesday<\/td><\/tr><tr><td class=\"has-text-align-center\" data-align=\"center\">Saturday<\/td><td class=\"has-text-align-center\" data-align=\"center\">Wednesday<\/td><td class=\"has-text-align-center\" data-align=\"center\">Wednesday<\/td><\/tr><tr><td class=\"has-text-align-center\" data-align=\"center\">Sunday<\/td><td class=\"has-text-align-center\" data-align=\"center\">Wednesday<\/td><td class=\"has-text-align-center\" data-align=\"center\">Wednesday<\/td><\/tr><\/tbody><\/table><figcaption class=\"wp-element-caption\">Estimated delivery in mainland France by Colissimo, for information only<\/figcaption><\/figure>\n\n\n\n<div style=\"height:40px\" aria-hidden=\"true\" class=\"wp-block-spacer\"><\/div>\n\n\n\n<h2 class=\"has-text-align-left wp-block-heading\">Commitments and transport offer&nbsp;<\/h2>\n\n\n\n<p class=\"has-text-align-left\">We carefully pack each parcel to guarantee a perfectly protected shipment.  Our packaging is recycled, recyclable and plastic-free.<\/p>\n\n\n\n<h3 class=\"has-text-align-center wp-block-heading\">CHRONOPOST<\/h3>\n\n\n\n<figure class=\"wp-block-table aligncenter is-style-stripes\"><table><thead><tr><th class=\"has-text-align-center\" data-align=\"center\">Zone &nbsp;<br>geographical<\/th><th class=\"has-text-align-center\" data-align=\"center\">Basket amount<\/th><th class=\"has-text-align-center\" data-align=\"center\">Shipping costs<\/th><\/tr><\/thead><tbody><tr><td class=\"has-text-align-center\" data-align=\"center\">Metropolitan France and Monaco<\/td><td class=\"has-text-align-center\" data-align=\"center\">From \u20ac1 to \u20ac65<\/td><td class=\"has-text-align-center\" data-align=\"center\">15,00\u20ac<\/td><\/tr><tr><td class=\"has-text-align-center\" data-align=\"center\"><\/td><td class=\"has-text-align-center\" data-align=\"center\">From \u20ac65 to \u20ac100<\/td><td class=\"has-text-align-center\" data-align=\"center\">7,00\u20ac<\/td><\/tr><tr><td class=\"has-text-align-center\" data-align=\"center\"><\/td><td class=\"has-text-align-center\" data-align=\"center\">Over \u20ac100<\/td><td class=\"has-text-align-center\" data-align=\"center\">OFFER<\/td><\/tr><\/tbody><\/table><\/figure>\n\n\n\n<div style=\"height:30px\" aria-hidden=\"true\" class=\"wp-block-spacer\"><\/div>\n\n\n\n<h3 class=\"has-text-align-center wp-block-heading\">COLISSIMO<\/h3>\n\n\n\n<figure class=\"wp-block-table aligncenter is-style-stripes\"><table><thead><tr><th class=\"has-text-align-center\" data-align=\"center\">Zone &nbsp;<br>geographical<\/th><th class=\"has-text-align-center\" data-align=\"center\">Basket amount<\/th><th class=\"has-text-align-center\" data-align=\"center\">Shipping costs<\/th><\/tr><\/thead><tbody><tr><td class=\"has-text-align-center\" data-align=\"center\">Metropolitan France and Monaco<\/td><td class=\"has-text-align-center\" data-align=\"center\">From \u20ac1 to \u20ac69<\/td><td class=\"has-text-align-center\" data-align=\"center\">8,39\u20ac<\/td><\/tr><tr><td class=\"has-text-align-center\" data-align=\"center\"><\/td><td class=\"has-text-align-center\" data-align=\"center\">Above \u20ac69<\/td><td class=\"has-text-align-center\" data-align=\"center\">OFFER<\/td><\/tr><\/tbody><\/table><\/figure>\n<\/div>\n\n\n\n<div style=\"height:40px\" aria-hidden=\"true\" class=\"wp-block-spacer\"><\/div>\n\n\n\n<p><\/p>","protected":false},"excerpt":{"rendered":"<p>Livraison Transporteur et suivi ?&nbsp; La boutique en ligne de Basile et T\u00e9a livre en France m\u00e9tropolitaine et \u00e0 Monaco&nbsp; \u2022 (Hors Corse) Possibilit\u00e9 d\u2019indiquer la date de livraison souhait\u00e9e lors de la commande&nbsp; Livraison \u00e0 domicile par Chronopost ou Colissimo avec le service PREDICT pour g\u00e9rer votre&nbsp; livraison ou reprogrammer en cas d\u2019absence.&nbsp; Que [&hellip;]<\/p>\n","protected":false},"author":1,"featured_media":0,"parent":0,"menu_order":0,"comment_status":"closed","ping_status":"closed","template":"","meta":{"_acf_changed":false,"inline_featured_image":false,"footnotes":""},"class_list":["post-33","page","type-page","status-publish","hentry"],"acf":[],"_links":{"self":[{"href":"https:\/\/basile-tea.com\/en\/wp-json\/wp\/v2\/pages\/33","targetHints":{"allow":["GET"]}}],"collection":[{"href":"https:\/\/basile-tea.com\/en\/wp-json\/wp\/v2\/pages"}],"about":[{"href":"https:\/\/basile-tea.com\/en\/wp-json\/wp\/v2\/types\/page"}],"author":[{"embeddable":true,"href":"https:\/\/basile-tea.com\/en\/wp-json\/wp\/v2\/users\/1"}],"replies":[{"embeddable":true,"href":"https:\/\/basile-tea.com\/en\/wp-json\/wp\/v2\/comments?post=33"}],"version-history":[{"count":12,"href":"https:\/\/basile-tea.com\/en\/wp-json\/wp\/v2\/pages\/33\/revisions"}],"predecessor-version":[{"id":5636,"href":"https:\/\/basile-tea.com\/en\/wp-json\/wp\/v2\/pages\/33\/revisions\/5636"}],"wp:attachment":[{"href":"https:\/\/basile-tea.com\/en\/wp-json\/wp\/v2\/media?parent=33"}],"curies":[{"name":"wp","href":"https:\/\/api.w.org\/{rel}","templated":true}]}}